{"id":1267,"date":"2022-01-02T16:48:46","date_gmt":"2022-01-02T16:48:46","guid":{"rendered":"https:\/\/magnuskahl.com\/?page_id=1267"},"modified":"2022-02-20T10:12:58","modified_gmt":"2022-02-20T10:12:58","slug":"about","status":"publish","type":"page","link":"https:\/\/magnuskahl.com\/es\/about\/","title":{"rendered":"Acerca de"},"content":{"rendered":"\n\t<section class=\"section banner-text-wrapper dark\" id=\"section_384062587\">\n\t\t<div class=\"section-bg fill\" >\n\t\t\t<img loading=\"lazy\" decoding=\"async\" width=\"1920\" height=\"800\" src=\"https:\/\/magnuskahl.com\/wp-content\/uploads\/2021\/11\/about-image.jpg\" class=\"bg attachment- size-\" alt=\"\" \/>\t\t\t\t\t\t<div class=\"section-bg-overlay absolute fill\"><\/div>\n\t\t\t\n\n\t\t<\/div>\n\n\t\t\n\n\t\t<div class=\"section-content relative\">\n\t\t\t\n<div class=\"row\"  id=\"row-468991580\">\n\n\t<div id=\"col-914491956\" class=\"col small-12 large-12\"  >\n\t\t\t\t<div class=\"col-inner\"  >\n\t\t\t\n\t\t\t\n<h3 class=\"thin-font\">SOBRE NOSOTROS<\/h3>\n<h2>Magnus Kahl Semillas<\/h2>\n\t<div id=\"text-2926012010\" class=\"text header-text hide-for-small\">\n\t\t\n<p>La empresa pone especial \u00e9nfasis en la cr\u00eda variedades de cebolla, chalota y echalion para clientes alrededor del mundo.<\/p>\n\t\t\n<style>\n#text-2926012010 {\n  font-size: 1.5rem;\n}\n<\/style>\n\t<\/div>\n\t\n\t\t<\/div>\n\t\t\t\t\t<\/div>\n\n\t\n<\/div>\n\t\t<\/div>\n\n\t\t\n<style>\n#section_384062587 {\n  padding-top: 30px;\n  padding-bottom: 30px;\n}\n#section_384062587 .section-bg-overlay {\n  background-color: rgba(0, 0, 0, 0.19);\n}\n<\/style>\n\t<\/section>\n\t\n\n\t<section class=\"section\" id=\"section_1572450439\">\n\t\t<div class=\"section-bg fill\" >\n\t\t\t\t\t\t\t\t\t\n\t\t\t\n\n\t\t<\/div>\n\n\t\t\n\n\t\t<div class=\"section-content relative\">\n\t\t\t\n\n<div class=\"row\"  id=\"row-1460959908\">\n\n\t<div id=\"col-2071791460\" class=\"col medium-4 small-12 large-4\"  >\n\t\t\t\t<div class=\"col-inner\"  >\n\t\t\t\n\t\t\t\n\n  <div class=\"banner has-hover bg-overlay-add-50 bg-overlay-add-50\" id=\"banner-1513002896\">\n          <div class=\"banner-inner fill\">\n        <div class=\"banner-bg fill\" >\n            <img loading=\"lazy\" decoding=\"async\" width=\"436\" height=\"600\" src=\"https:\/\/magnuskahl.com\/wp-content\/uploads\/2022\/02\/about-image.jpg\" class=\"bg attachment-large size-large\" alt=\"\" \/>                                    \n                    <\/div>\n\t\t\n        <div class=\"banner-layers container\">\n            <div class=\"fill banner-link\"><\/div>            \n   <div id=\"text-box-1824723170\" class=\"text-box banner-layer text-shadow hidden x50 md-x50 lg-x50 y100 md-y100 lg-y100 res-text\">\n                                <div class=\"text-box-content text dark\">\n              \n              <div class=\"text-inner text-center\">\n                  \n\t<div id=\"text-1629378361\" class=\"text\">\n\t\t\n<p>Cr\u00eda<br \/>\n\t\t\n<style>\n#text-1629378361 {\n  font-size: 1rem;\n}\n<\/style>\n\t<\/div>\n\t\n              <\/div>\n           <\/div>\n                            \n<style>\n#text-box-1824723170 .text-inner {\n  padding: 0px 0px 1.4em 0px;\n}\n#text-box-1824723170 {\n  width: 60%;\n}\n#text-box-1824723170 .text-box-content {\n  font-size: 100%;\n}\n<\/style>\n    <\/div>\n \n        <\/div>\n      <\/div>\n\n            \n<style>\n#banner-1513002896 {\n  padding-top: 300px;\n}\n@media (min-width:850px) {\n  #banner-1513002896 {\n    padding-top: 110%;\n  }\n}\n<\/style>\n  <\/div>\n\n\n\t\t<\/div>\n\t\t\t\t\t<\/div>\n\n\t\n\n\t<div id=\"col-1258094447\" class=\"col medium-4 small-12 large-4\"  >\n\t\t\t\t<div class=\"col-inner\"  >\n\t\t\t\n\t\t\t\n\n  <div class=\"banner has-hover bg-overlay-add-50 bg-overlay-add-50\" id=\"banner-1379405431\">\n          <div class=\"banner-inner fill\">\n        <div class=\"banner-bg fill\" >\n            <img loading=\"lazy\" decoding=\"async\" width=\"418\" height=\"600\" src=\"https:\/\/magnuskahl.com\/wp-content\/uploads\/2022\/02\/image-seeding-1.jpg\" class=\"bg attachment-large size-large\" alt=\"\" \/>                                    \n                    <\/div>\n\t\t\n        <div class=\"banner-layers container\">\n            <div class=\"fill banner-link\"><\/div>            \n   <div id=\"text-box-1027451032\" class=\"text-box banner-layer text-shadow hidden x50 md-x50 lg-x50 y100 md-y100 lg-y100 res-text\">\n                                <div class=\"text-box-content text dark\">\n              \n              <div class=\"text-inner text-center\">\n                  \n\t<div id=\"text-479287397\" class=\"text\">\n\t\t\n<p>Producci\u00f3n de semillas<br \/>\n\t\t\n<style>\n#text-479287397 {\n  font-size: 1rem;\n}\n<\/style>\n\t<\/div>\n\t\n              <\/div>\n           <\/div>\n                            \n<style>\n#text-box-1027451032 .text-inner {\n  padding: 0px 0px 1.4em 0px;\n}\n#text-box-1027451032 {\n  width: 60%;\n}\n#text-box-1027451032 .text-box-content {\n  font-size: 100%;\n}\n<\/style>\n    <\/div>\n \n        <\/div>\n      <\/div>\n\n            \n<style>\n#banner-1379405431 {\n  padding-top: 300px;\n}\n@media (min-width:850px) {\n  #banner-1379405431 {\n    padding-top: 110%;\n  }\n}\n<\/style>\n  <\/div>\n\n\n\t\t<\/div>\n\t\t\t\t\t<\/div>\n\n\t\n\n\t<div id=\"col-1086696482\" class=\"col medium-4 small-12 large-4\"  >\n\t\t\t\t<div class=\"col-inner\"  >\n\t\t\t\n\t\t\t\n\n  <div class=\"banner has-hover bg-overlay-add-50 bg-overlay-add-50\" id=\"banner-1043746848\">\n          <div class=\"banner-inner fill\">\n        <div class=\"banner-bg fill\" >\n            <img loading=\"lazy\" decoding=\"async\" width=\"436\" height=\"600\" src=\"https:\/\/magnuskahl.com\/wp-content\/uploads\/2022\/02\/about-sales-2.jpg\" class=\"bg attachment-large size-large\" alt=\"\" \/>                                    \n                    <\/div>\n\t\t\n        <div class=\"banner-layers container\">\n            <div class=\"fill banner-link\"><\/div>            \n   <div id=\"text-box-1679620669\" class=\"text-box banner-layer text-shadow hidden x50 md-x50 lg-x50 y100 md-y100 lg-y100 res-text\">\n                                <div class=\"text-box-content text dark\">\n              \n              <div class=\"text-inner text-center\">\n                  \n\t<div id=\"text-3876924263\" class=\"text\">\n\t\t\n<p>Ventas<br \/>\n\t\t\n<style>\n#text-3876924263 {\n  font-size: 1rem;\n}\n<\/style>\n\t<\/div>\n\t\n              <\/div>\n           <\/div>\n                            \n<style>\n#text-box-1679620669 .text-inner {\n  padding: 0px 0px 1.4em 0px;\n}\n#text-box-1679620669 {\n  width: 60%;\n}\n#text-box-1679620669 .text-box-content {\n  font-size: 100%;\n}\n<\/style>\n    <\/div>\n \n        <\/div>\n      <\/div>\n\n            \n<style>\n#banner-1043746848 {\n  padding-top: 300px;\n}\n@media (min-width:850px) {\n  #banner-1043746848 {\n    padding-top: 110%;\n  }\n}\n<\/style>\n  <\/div>\n\n\n\t\t<\/div>\n\t\t\t\t\t<\/div>\n\n\t\n<\/div>\n<div class=\"row align-center no-col-bottom-space\"  id=\"row-1219712203\">\n\n\t<div id=\"col-1267778203\" class=\"col medium-12 small-12 large-8\"  >\n\t\t\t\t<div class=\"col-inner text-center\"  >\n\t\t\t\n\t\t\t\n<p>Magnus Kahl Semillas comenz\u00f3 a operar en 1936 con el desarrollo de tres variedades de cebolla polinizadas abiertas altamente refinadas dise\u00f1adas espec\u00edficamente para el mercado de cebolla australiano.<\/p>\n<p>Dado que esta gesti\u00f3n de tiempo ha mantenido un compromiso de estar altamente especializado en la cr\u00eda, la producci\u00f3n de semillas y las ventas y la comercializaci\u00f3n de la cebolla de alto grado y la semilla chalot para los agricultores comerciales.<\/p>\n<p>En contraste con un mundo de ritmo r\u00e1pido y r\u00e1pido, buscamos tomar tiempo en lo que hacemos, por lo que nuestros clientes obtienen lo mejor.<\/p>\n<p>Con las operaciones integradas verticalmente en los hemisferios norte y sur, Magnus Kahl Semillas ofrece un servicio confiable, productos de calidad, suministro constante y precios competitivos.<\/p>\n\t\t<\/div>\n\t\t\t\t\n<style>\n#col-1267778203 > .col-inner {\n  margin: 30px 0px 0px 0px;\n}\n<\/style>\n\t<\/div>\n\n\t\n<\/div>\n\t\t<\/div>\n\n\t\t\n<style>\n#section_1572450439 {\n  padding-top: 60px;\n  padding-bottom: 60px;\n}\n<\/style>\n\t<\/section>\n\t\n","protected":false},"excerpt":{"rendered":"","protected":false},"author":1,"featured_media":2220,"parent":0,"menu_order":0,"comment_status":"closed","ping_status":"closed","template":"page-blank.php","meta":{"footnotes":""},"class_list":["post-1267","page","type-page","status-publish","has-post-thumbnail","hentry"],"yoast_head":"<!-- This site is optimized with the Yoast SEO plugin v26.6 - https:\/\/yoast.com\/wordpress\/plugins\/seo\/ -->\n<title>Acerca de - Magnus Kahl<\/title>\n<meta name=\"robots\" content=\"index, follow, max-snippet:-1, max-image-preview:large, max-video-preview:-1\" \/>\n<link rel=\"canonical\" href=\"https:\/\/magnuskahl.com\/es\/about\/\" \/>\n<meta property=\"og:locale\" content=\"es_ES\" \/>\n<meta property=\"og:type\" content=\"article\" \/>\n<meta property=\"og:title\" content=\"Acerca de - Magnus Kahl\" \/>\n<meta property=\"og:url\" content=\"https:\/\/magnuskahl.com\/es\/about\/\" \/>\n<meta property=\"og:site_name\" content=\"Magnus Kahl\" \/>\n<meta property=\"article:modified_time\" content=\"2022-02-20T10:12:58+00:00\" \/>\n<meta property=\"og:image\" content=\"https:\/\/magnuskahl.com\/wp-content\/uploads\/2022\/03\/about-page-feature-min.jpg\" \/>\n\t<meta property=\"og:image:width\" content=\"480\" \/>\n\t<meta property=\"og:image:height\" content=\"300\" \/>\n\t<meta property=\"og:image:type\" content=\"image\/jpeg\" \/>\n<meta name=\"twitter:card\" content=\"summary_large_image\" \/>\n<meta name=\"twitter:label1\" content=\"Tiempo de lectura\" \/>\n\t<meta name=\"twitter:data1\" content=\"2 minutos\" \/>\n<script type=\"application\/ld+json\" class=\"yoast-schema-graph\">{\"@context\":\"https:\/\/schema.org\",\"@graph\":[{\"@type\":\"WebPage\",\"@id\":\"https:\/\/magnuskahl.com\/es\/about\/\",\"url\":\"https:\/\/magnuskahl.com\/es\/about\/\",\"name\":\"Acerca de - Magnus Kahl\",\"isPartOf\":{\"@id\":\"https:\/\/magnuskahl.com\/es\/#website\"},\"primaryImageOfPage\":{\"@id\":\"https:\/\/magnuskahl.com\/es\/about\/#primaryimage\"},\"image\":{\"@id\":\"https:\/\/magnuskahl.com\/es\/about\/#primaryimage\"},\"thumbnailUrl\":\"https:\/\/magnuskahl.com\/wp-content\/uploads\/2022\/03\/about-page-feature-min.jpg\",\"datePublished\":\"2022-01-02T16:48:46+00:00\",\"dateModified\":\"2022-02-20T10:12:58+00:00\",\"breadcrumb\":{\"@id\":\"https:\/\/magnuskahl.com\/es\/about\/#breadcrumb\"},\"inLanguage\":\"es\",\"potentialAction\":[{\"@type\":\"ReadAction\",\"target\":[\"https:\/\/magnuskahl.com\/es\/about\/\"]}]},{\"@type\":\"ImageObject\",\"inLanguage\":\"es\",\"@id\":\"https:\/\/magnuskahl.com\/es\/about\/#primaryimage\",\"url\":\"https:\/\/magnuskahl.com\/wp-content\/uploads\/2022\/03\/about-page-feature-min.jpg\",\"contentUrl\":\"https:\/\/magnuskahl.com\/wp-content\/uploads\/2022\/03\/about-page-feature-min.jpg\",\"width\":480,\"height\":300},{\"@type\":\"BreadcrumbList\",\"@id\":\"https:\/\/magnuskahl.com\/es\/about\/#breadcrumb\",\"itemListElement\":[{\"@type\":\"ListItem\",\"position\":1,\"name\":\"Home\",\"item\":\"https:\/\/magnuskahl.com\/es\/\"},{\"@type\":\"ListItem\",\"position\":2,\"name\":\"Acerca de\"}]},{\"@type\":\"WebSite\",\"@id\":\"https:\/\/magnuskahl.com\/es\/#website\",\"url\":\"https:\/\/magnuskahl.com\/es\/\",\"name\":\"Magnus Kahl\",\"description\":\"\",\"publisher\":{\"@id\":\"https:\/\/magnuskahl.com\/es\/#organization\"},\"potentialAction\":[{\"@type\":\"SearchAction\",\"target\":{\"@type\":\"EntryPoint\",\"urlTemplate\":\"https:\/\/magnuskahl.com\/es\/?s={search_term_string}\"},\"query-input\":{\"@type\":\"PropertyValueSpecification\",\"valueRequired\":true,\"valueName\":\"search_term_string\"}}],\"inLanguage\":\"es\"},{\"@type\":\"Organization\",\"@id\":\"https:\/\/magnuskahl.com\/es\/#organization\",\"name\":\"Magnus Kahl\",\"url\":\"https:\/\/magnuskahl.com\/es\/\",\"logo\":{\"@type\":\"ImageObject\",\"inLanguage\":\"es\",\"@id\":\"https:\/\/magnuskahl.com\/es\/#\/schema\/logo\/image\/\",\"url\":\"https:\/\/magnuskahl.com\/wp-content\/uploads\/2021\/10\/logo.svg\",\"contentUrl\":\"https:\/\/magnuskahl.com\/wp-content\/uploads\/2021\/10\/logo.svg\",\"caption\":\"Magnus Kahl\"},\"image\":{\"@id\":\"https:\/\/magnuskahl.com\/es\/#\/schema\/logo\/image\/\"}}]}<\/script>\n<!-- \/ Yoast SEO plugin. -->","yoast_head_json":{"title":"Acerca de - Magnus Kahl","robots":{"index":"index","follow":"follow","max-snippet":"max-snippet:-1","max-image-preview":"max-image-preview:large","max-video-preview":"max-video-preview:-1"},"canonical":"https:\/\/magnuskahl.com\/es\/about\/","og_locale":"es_ES","og_type":"article","og_title":"Acerca de - Magnus Kahl","og_url":"https:\/\/magnuskahl.com\/es\/about\/","og_site_name":"Magnus Kahl","article_modified_time":"2022-02-20T10:12:58+00:00","og_image":[{"width":480,"height":300,"url":"https:\/\/magnuskahl.com\/wp-content\/uploads\/2022\/03\/about-page-feature-min.jpg","type":"image\/jpeg"}],"twitter_card":"summary_large_image","twitter_misc":{"Tiempo de lectura":"2 minutos"},"schema":{"@context":"https:\/\/schema.org","@graph":[{"@type":"WebPage","@id":"https:\/\/magnuskahl.com\/es\/about\/","url":"https:\/\/magnuskahl.com\/es\/about\/","name":"Acerca de - Magnus Kahl","isPartOf":{"@id":"https:\/\/magnuskahl.com\/es\/#website"},"primaryImageOfPage":{"@id":"https:\/\/magnuskahl.com\/es\/about\/#primaryimage"},"image":{"@id":"https:\/\/magnuskahl.com\/es\/about\/#primaryimage"},"thumbnailUrl":"https:\/\/magnuskahl.com\/wp-content\/uploads\/2022\/03\/about-page-feature-min.jpg","datePublished":"2022-01-02T16:48:46+00:00","dateModified":"2022-02-20T10:12:58+00:00","breadcrumb":{"@id":"https:\/\/magnuskahl.com\/es\/about\/#breadcrumb"},"inLanguage":"es","potentialAction":[{"@type":"ReadAction","target":["https:\/\/magnuskahl.com\/es\/about\/"]}]},{"@type":"ImageObject","inLanguage":"es","@id":"https:\/\/magnuskahl.com\/es\/about\/#primaryimage","url":"https:\/\/magnuskahl.com\/wp-content\/uploads\/2022\/03\/about-page-feature-min.jpg","contentUrl":"https:\/\/magnuskahl.com\/wp-content\/uploads\/2022\/03\/about-page-feature-min.jpg","width":480,"height":300},{"@type":"BreadcrumbList","@id":"https:\/\/magnuskahl.com\/es\/about\/#breadcrumb","itemListElement":[{"@type":"ListItem","position":1,"name":"Home","item":"https:\/\/magnuskahl.com\/es\/"},{"@type":"ListItem","position":2,"name":"Acerca de"}]},{"@type":"WebSite","@id":"https:\/\/magnuskahl.com\/es\/#website","url":"https:\/\/magnuskahl.com\/es\/","name":"Magnus Kahl","description":"","publisher":{"@id":"https:\/\/magnuskahl.com\/es\/#organization"},"potentialAction":[{"@type":"SearchAction","target":{"@type":"EntryPoint","urlTemplate":"https:\/\/magnuskahl.com\/es\/?s={search_term_string}"},"query-input":{"@type":"PropertyValueSpecification","valueRequired":true,"valueName":"search_term_string"}}],"inLanguage":"es"},{"@type":"Organization","@id":"https:\/\/magnuskahl.com\/es\/#organization","name":"Magnus Kahl","url":"https:\/\/magnuskahl.com\/es\/","logo":{"@type":"ImageObject","inLanguage":"es","@id":"https:\/\/magnuskahl.com\/es\/#\/schema\/logo\/image\/","url":"https:\/\/magnuskahl.com\/wp-content\/uploads\/2021\/10\/logo.svg","contentUrl":"https:\/\/magnuskahl.com\/wp-content\/uploads\/2021\/10\/logo.svg","caption":"Magnus Kahl"},"image":{"@id":"https:\/\/magnuskahl.com\/es\/#\/schema\/logo\/image\/"}}]}},"_links":{"self":[{"href":"https:\/\/magnuskahl.com\/es\/wp-json\/wp\/v2\/pages\/1267","targetHints":{"allow":["GET"]}}],"collection":[{"href":"https:\/\/magnuskahl.com\/es\/wp-json\/wp\/v2\/pages"}],"about":[{"href":"https:\/\/magnuskahl.com\/es\/wp-json\/wp\/v2\/types\/page"}],"author":[{"embeddable":true,"href":"https:\/\/magnuskahl.com\/es\/wp-json\/wp\/v2\/users\/1"}],"replies":[{"embeddable":true,"href":"https:\/\/magnuskahl.com\/es\/wp-json\/wp\/v2\/comments?post=1267"}],"version-history":[{"count":15,"href":"https:\/\/magnuskahl.com\/es\/wp-json\/wp\/v2\/pages\/1267\/revisions"}],"predecessor-version":[{"id":2123,"href":"https:\/\/magnuskahl.com\/es\/wp-json\/wp\/v2\/pages\/1267\/revisions\/2123"}],"wp:featuredmedia":[{"embeddable":true,"href":"https:\/\/magnuskahl.com\/es\/wp-json\/wp\/v2\/media\/2220"}],"wp:attachment":[{"href":"https:\/\/magnuskahl.com\/es\/wp-json\/wp\/v2\/media?parent=1267"}],"curies":[{"name":"wp","href":"https:\/\/api.w.org\/{rel}","templated":true}]}}