{"id":1397,"date":"2021-11-22T12:23:30","date_gmt":"2022-01-04T20:13:25","guid":{"rendered":"https:\/\/magnuskahl.com\/?post_type=product&#038;p=1397"},"modified":"2022-01-04T20:13:25","modified_gmt":"2022-01-04T20:13:25","slug":"raptor","status":"publish","type":"product","link":"https:\/\/magnuskahl.com\/es\/producto\/raptor\/","title":{"rendered":"Raptor"},"content":{"rendered":"<p>Globo de la temporada media en forma de variedad h\u00edbrida de d\u00eda corto \/ marr\u00f3n con excelente retenci\u00f3n de la piel y vigor fuerte. Un excelente color dorado profundo y un alto grado de uniformidad dise\u00f1ado para los mercados premium.<\/p>\n","protected":false},"excerpt":{"rendered":"<p>Globo de temporada media en forma de d\u00eda corto \/ marr\u00f3n variedad h\u00edbrida de color marr\u00f3n con excelente color y retenci\u00f3n de la piel<\/p>\n","protected":false},"featured_media":1394,"template":"","meta":[],"product_brand":[],"product_cat":[176],"product_tag":[],"class_list":{"0":"post-1397","1":"product","2":"type-product","3":"status-publish","4":"has-post-thumbnail","6":"product_cat-short-day","7":"pa_colour-amarillo-marron","9":"first","10":"instock","11":"shipping-taxable","12":"product-type-simple"},"yoast_head":"<!-- This site is optimized with the Yoast SEO plugin v26.6 - https:\/\/yoast.com\/wordpress\/plugins\/seo\/ -->\n<title>Raptor - Magnus Kahl<\/title>\n<meta name=\"robots\" content=\"index, follow, max-snippet:-1, max-image-preview:large, max-video-preview:-1\" \/>\n<link rel=\"canonical\" href=\"https:\/\/magnuskahl.com\/es\/producto\/raptor\/\" \/>\n<meta property=\"og:locale\" content=\"es_ES\" \/>\n<meta property=\"og:type\" content=\"article\" \/>\n<meta property=\"og:title\" content=\"Raptor - Magnus Kahl\" \/>\n<meta property=\"og:description\" content=\"Globo de temporada media en forma de d\u00eda corto \/ marr\u00f3n variedad h\u00edbrida de color marr\u00f3n con excelente color y retenci\u00f3n de la piel\" \/>\n<meta property=\"og:url\" content=\"https:\/\/magnuskahl.com\/es\/producto\/raptor\/\" \/>\n<meta property=\"og:site_name\" content=\"Magnus Kahl\" \/>\n<meta property=\"og:image\" content=\"https:\/\/magnuskahl.com\/wp-content\/uploads\/2021\/11\/MKS.21.01.21_0758.jpg\" \/>\n\t<meta property=\"og:image:width\" content=\"800\" \/>\n\t<meta property=\"og:image:height\" content=\"800\" \/>\n\t<meta property=\"og:image:type\" content=\"image\/jpeg\" \/>\n<meta name=\"twitter:card\" content=\"summary_large_image\" \/>\n<script type=\"application\/ld+json\" class=\"yoast-schema-graph\">{\"@context\":\"https:\/\/schema.org\",\"@graph\":[{\"@type\":\"WebPage\",\"@id\":\"https:\/\/magnuskahl.com\/es\/producto\/raptor\/\",\"url\":\"https:\/\/magnuskahl.com\/es\/producto\/raptor\/\",\"name\":\"Raptor - Magnus Kahl\",\"isPartOf\":{\"@id\":\"https:\/\/magnuskahl.com\/es\/#website\"},\"primaryImageOfPage\":{\"@id\":\"https:\/\/magnuskahl.com\/es\/producto\/raptor\/#primaryimage\"},\"image\":{\"@id\":\"https:\/\/magnuskahl.com\/es\/producto\/raptor\/#primaryimage\"},\"thumbnailUrl\":\"https:\/\/magnuskahl.com\/wp-content\/uploads\/2021\/11\/MKS.21.01.21_0758.jpg\",\"datePublished\":\"2022-01-04T20:13:25+00:00\",\"breadcrumb\":{\"@id\":\"https:\/\/magnuskahl.com\/es\/producto\/raptor\/#breadcrumb\"},\"inLanguage\":\"es\",\"potentialAction\":[{\"@type\":\"ReadAction\",\"target\":[\"https:\/\/magnuskahl.com\/es\/producto\/raptor\/\"]}]},{\"@type\":\"ImageObject\",\"inLanguage\":\"es\",\"@id\":\"https:\/\/magnuskahl.com\/es\/producto\/raptor\/#primaryimage\",\"url\":\"https:\/\/magnuskahl.com\/wp-content\/uploads\/2021\/11\/MKS.21.01.21_0758.jpg\",\"contentUrl\":\"https:\/\/magnuskahl.com\/wp-content\/uploads\/2021\/11\/MKS.21.01.21_0758.jpg\",\"width\":800,\"height\":800},{\"@type\":\"BreadcrumbList\",\"@id\":\"https:\/\/magnuskahl.com\/es\/producto\/raptor\/#breadcrumb\",\"itemListElement\":[{\"@type\":\"ListItem\",\"position\":1,\"name\":\"Home\",\"item\":\"https:\/\/magnuskahl.com\/es\/\"},{\"@type\":\"ListItem\",\"position\":2,\"name\":\"Tienda\",\"item\":\"https:\/\/magnuskahl.com\/es\/tienda\/\"},{\"@type\":\"ListItem\",\"position\":3,\"name\":\"Raptor\"}]},{\"@type\":\"WebSite\",\"@id\":\"https:\/\/magnuskahl.com\/es\/#website\",\"url\":\"https:\/\/magnuskahl.com\/es\/\",\"name\":\"Magnus Kahl\",\"description\":\"\",\"publisher\":{\"@id\":\"https:\/\/magnuskahl.com\/es\/#organization\"},\"potentialAction\":[{\"@type\":\"SearchAction\",\"target\":{\"@type\":\"EntryPoint\",\"urlTemplate\":\"https:\/\/magnuskahl.com\/es\/?s={search_term_string}\"},\"query-input\":{\"@type\":\"PropertyValueSpecification\",\"valueRequired\":true,\"valueName\":\"search_term_string\"}}],\"inLanguage\":\"es\"},{\"@type\":\"Organization\",\"@id\":\"https:\/\/magnuskahl.com\/es\/#organization\",\"name\":\"Magnus Kahl\",\"url\":\"https:\/\/magnuskahl.com\/es\/\",\"logo\":{\"@type\":\"ImageObject\",\"inLanguage\":\"es\",\"@id\":\"https:\/\/magnuskahl.com\/es\/#\/schema\/logo\/image\/\",\"url\":\"https:\/\/magnuskahl.com\/wp-content\/uploads\/2021\/10\/logo.svg\",\"contentUrl\":\"https:\/\/magnuskahl.com\/wp-content\/uploads\/2021\/10\/logo.svg\",\"caption\":\"Magnus Kahl\"},\"image\":{\"@id\":\"https:\/\/magnuskahl.com\/es\/#\/schema\/logo\/image\/\"}}]}<\/script>\n<!-- \/ Yoast SEO plugin. -->","yoast_head_json":{"title":"Raptor - Magnus Kahl","robots":{"index":"index","follow":"follow","max-snippet":"max-snippet:-1","max-image-preview":"max-image-preview:large","max-video-preview":"max-video-preview:-1"},"canonical":"https:\/\/magnuskahl.com\/es\/producto\/raptor\/","og_locale":"es_ES","og_type":"article","og_title":"Raptor - Magnus Kahl","og_description":"Globo de temporada media en forma de d\u00eda corto \/ marr\u00f3n variedad h\u00edbrida de color marr\u00f3n con excelente color y retenci\u00f3n de la piel","og_url":"https:\/\/magnuskahl.com\/es\/producto\/raptor\/","og_site_name":"Magnus Kahl","og_image":[{"width":800,"height":800,"url":"https:\/\/magnuskahl.com\/wp-content\/uploads\/2021\/11\/MKS.21.01.21_0758.jpg","type":"image\/jpeg"}],"twitter_card":"summary_large_image","schema":{"@context":"https:\/\/schema.org","@graph":[{"@type":"WebPage","@id":"https:\/\/magnuskahl.com\/es\/producto\/raptor\/","url":"https:\/\/magnuskahl.com\/es\/producto\/raptor\/","name":"Raptor - Magnus Kahl","isPartOf":{"@id":"https:\/\/magnuskahl.com\/es\/#website"},"primaryImageOfPage":{"@id":"https:\/\/magnuskahl.com\/es\/producto\/raptor\/#primaryimage"},"image":{"@id":"https:\/\/magnuskahl.com\/es\/producto\/raptor\/#primaryimage"},"thumbnailUrl":"https:\/\/magnuskahl.com\/wp-content\/uploads\/2021\/11\/MKS.21.01.21_0758.jpg","datePublished":"2022-01-04T20:13:25+00:00","breadcrumb":{"@id":"https:\/\/magnuskahl.com\/es\/producto\/raptor\/#breadcrumb"},"inLanguage":"es","potentialAction":[{"@type":"ReadAction","target":["https:\/\/magnuskahl.com\/es\/producto\/raptor\/"]}]},{"@type":"ImageObject","inLanguage":"es","@id":"https:\/\/magnuskahl.com\/es\/producto\/raptor\/#primaryimage","url":"https:\/\/magnuskahl.com\/wp-content\/uploads\/2021\/11\/MKS.21.01.21_0758.jpg","contentUrl":"https:\/\/magnuskahl.com\/wp-content\/uploads\/2021\/11\/MKS.21.01.21_0758.jpg","width":800,"height":800},{"@type":"BreadcrumbList","@id":"https:\/\/magnuskahl.com\/es\/producto\/raptor\/#breadcrumb","itemListElement":[{"@type":"ListItem","position":1,"name":"Home","item":"https:\/\/magnuskahl.com\/es\/"},{"@type":"ListItem","position":2,"name":"Tienda","item":"https:\/\/magnuskahl.com\/es\/tienda\/"},{"@type":"ListItem","position":3,"name":"Raptor"}]},{"@type":"WebSite","@id":"https:\/\/magnuskahl.com\/es\/#website","url":"https:\/\/magnuskahl.com\/es\/","name":"Magnus Kahl","description":"","publisher":{"@id":"https:\/\/magnuskahl.com\/es\/#organization"},"potentialAction":[{"@type":"SearchAction","target":{"@type":"EntryPoint","urlTemplate":"https:\/\/magnuskahl.com\/es\/?s={search_term_string}"},"query-input":{"@type":"PropertyValueSpecification","valueRequired":true,"valueName":"search_term_string"}}],"inLanguage":"es"},{"@type":"Organization","@id":"https:\/\/magnuskahl.com\/es\/#organization","name":"Magnus Kahl","url":"https:\/\/magnuskahl.com\/es\/","logo":{"@type":"ImageObject","inLanguage":"es","@id":"https:\/\/magnuskahl.com\/es\/#\/schema\/logo\/image\/","url":"https:\/\/magnuskahl.com\/wp-content\/uploads\/2021\/10\/logo.svg","contentUrl":"https:\/\/magnuskahl.com\/wp-content\/uploads\/2021\/10\/logo.svg","caption":"Magnus Kahl"},"image":{"@id":"https:\/\/magnuskahl.com\/es\/#\/schema\/logo\/image\/"}}]}},"_links":{"self":[{"href":"https:\/\/magnuskahl.com\/es\/wp-json\/wp\/v2\/product\/1397","targetHints":{"allow":["GET"]}}],"collection":[{"href":"https:\/\/magnuskahl.com\/es\/wp-json\/wp\/v2\/product"}],"about":[{"href":"https:\/\/magnuskahl.com\/es\/wp-json\/wp\/v2\/types\/product"}],"wp:featuredmedia":[{"embeddable":true,"href":"https:\/\/magnuskahl.com\/es\/wp-json\/wp\/v2\/media\/1394"}],"wp:attachment":[{"href":"https:\/\/magnuskahl.com\/es\/wp-json\/wp\/v2\/media?parent=1397"}],"wp:term":[{"taxonomy":"product_brand","embeddable":true,"href":"https:\/\/magnuskahl.com\/es\/wp-json\/wp\/v2\/product_brand?post=1397"},{"taxonomy":"product_cat","embeddable":true,"href":"https:\/\/magnuskahl.com\/es\/wp-json\/wp\/v2\/product_cat?post=1397"},{"taxonomy":"product_tag","embeddable":true,"href":"https:\/\/magnuskahl.com\/es\/wp-json\/wp\/v2\/product_tag?post=1397"}],"curies":[{"name":"wp","href":"https:\/\/api.w.org\/{rel}","templated":true}]}}