{"id":1252,"date":"2022-01-02T16:23:01","date_gmt":"2022-01-02T16:23:01","guid":{"rendered":"https:\/\/magnuskahl.com\/?page_id=1252"},"modified":"2022-02-20T10:12:12","modified_gmt":"2022-02-20T10:12:12","slug":"about","status":"publish","type":"page","link":"https:\/\/magnuskahl.com\/fr\/about\/","title":{"rendered":"Sur"},"content":{"rendered":"\n\t<section class=\"section banner-text-wrapper dark\" id=\"section_1062803231\">\n\t\t<div class=\"section-bg fill\" >\n\t\t\t<img loading=\"lazy\" decoding=\"async\" width=\"1920\" height=\"800\" src=\"https:\/\/magnuskahl.com\/wp-content\/uploads\/2021\/11\/about-image.jpg\" class=\"bg attachment- size-\" alt=\"\" \/>\t\t\t\t\t\t<div class=\"section-bg-overlay absolute fill\"><\/div>\n\t\t\t\n\n\t\t<\/div>\n\n\t\t\n\n\t\t<div class=\"section-content relative\">\n\t\t\t\n<div class=\"row\"  id=\"row-2031671107\">\n\n\t<div id=\"col-81714130\" class=\"col small-12 large-12\"  >\n\t\t\t\t<div class=\"col-inner\"  >\n\t\t\t\n\t\t\t\n<h3 class=\"thin-font\">\u00c0 PROPOS DE NOUS<\/h3>\n<h2>Graines Magnus Kahl<\/h2>\n\t<div id=\"text-818243946\" class=\"text header-text hide-for-small\">\n\t\t\n<p>L&rsquo;entreprise accorde une importance particuli\u00e8re \u00e0 l&rsquo;\u00e9levage vari\u00e9t\u00e9s d&rsquo;oignon, d&rsquo;\u00e9chalote et d&rsquo;\u00e9chalion pour les clients autour du monde.<\/p>\n\t\t\n<style>\n#text-818243946 {\n  font-size: 1.5rem;\n}\n<\/style>\n\t<\/div>\n\t\n\t\t<\/div>\n\t\t\t\t\t<\/div>\n\n\t\n<\/div>\n\t\t<\/div>\n\n\t\t\n<style>\n#section_1062803231 {\n  padding-top: 30px;\n  padding-bottom: 30px;\n}\n#section_1062803231 .section-bg-overlay {\n  background-color: rgba(0, 0, 0, 0.19);\n}\n<\/style>\n\t<\/section>\n\t\n\n\t<section class=\"section\" id=\"section_2109387960\">\n\t\t<div class=\"section-bg fill\" >\n\t\t\t\t\t\t\t\t\t\n\t\t\t\n\n\t\t<\/div>\n\n\t\t\n\n\t\t<div class=\"section-content relative\">\n\t\t\t\n\n<div class=\"row\"  id=\"row-1432863434\">\n\n\t<div id=\"col-504923751\" class=\"col medium-4 small-12 large-4\"  >\n\t\t\t\t<div class=\"col-inner\"  >\n\t\t\t\n\t\t\t\n\n  <div class=\"banner has-hover bg-overlay-add-50 bg-overlay-add-50\" id=\"banner-1268889681\">\n          <div class=\"banner-inner fill\">\n        <div class=\"banner-bg fill\" >\n            <img loading=\"lazy\" decoding=\"async\" width=\"436\" height=\"600\" src=\"https:\/\/magnuskahl.com\/wp-content\/uploads\/2022\/02\/about-image.jpg\" class=\"bg attachment-large size-large\" alt=\"\" \/>                                    \n                    <\/div>\n\t\t\n        <div class=\"banner-layers container\">\n            <div class=\"fill banner-link\"><\/div>            \n   <div id=\"text-box-1801372678\" class=\"text-box banner-layer text-shadow hidden x50 md-x50 lg-x50 y100 md-y100 lg-y100 res-text\">\n                                <div class=\"text-box-content text dark\">\n              \n              <div class=\"text-inner text-center\">\n                  \n\t<div id=\"text-1688846259\" class=\"text\">\n\t\t\n<p>Reproduction<br \/>\n\t\t\n<style>\n#text-1688846259 {\n  font-size: 1rem;\n}\n<\/style>\n\t<\/div>\n\t\n              <\/div>\n           <\/div>\n                            \n<style>\n#text-box-1801372678 .text-inner {\n  padding: 0px 0px 1.4em 0px;\n}\n#text-box-1801372678 {\n  width: 60%;\n}\n#text-box-1801372678 .text-box-content {\n  font-size: 100%;\n}\n<\/style>\n    <\/div>\n \n        <\/div>\n      <\/div>\n\n            \n<style>\n#banner-1268889681 {\n  padding-top: 300px;\n}\n@media (min-width:850px) {\n  #banner-1268889681 {\n    padding-top: 110%;\n  }\n}\n<\/style>\n  <\/div>\n\n\n\t\t<\/div>\n\t\t\t\t\t<\/div>\n\n\t\n\n\t<div id=\"col-2133894317\" class=\"col medium-4 small-12 large-4\"  >\n\t\t\t\t<div class=\"col-inner\"  >\n\t\t\t\n\t\t\t\n\n  <div class=\"banner has-hover bg-overlay-add-50 bg-overlay-add-50\" id=\"banner-1112786817\">\n          <div class=\"banner-inner fill\">\n        <div class=\"banner-bg fill\" >\n            <img loading=\"lazy\" decoding=\"async\" width=\"418\" height=\"600\" src=\"https:\/\/magnuskahl.com\/wp-content\/uploads\/2022\/02\/image-seeding-1.jpg\" class=\"bg attachment-large size-large\" alt=\"\" \/>                                    \n                    <\/div>\n\t\t\n        <div class=\"banner-layers container\">\n            <div class=\"fill banner-link\"><\/div>            \n   <div id=\"text-box-1409809597\" class=\"text-box banner-layer text-shadow hidden x50 md-x50 lg-x50 y100 md-y100 lg-y100 res-text\">\n                                <div class=\"text-box-content text dark\">\n              \n              <div class=\"text-inner text-center\">\n                  \n\t<div id=\"text-3319603144\" class=\"text\">\n\t\t\n<p>Production de semences<br \/>\n\t\t\n<style>\n#text-3319603144 {\n  font-size: 1rem;\n}\n<\/style>\n\t<\/div>\n\t\n              <\/div>\n           <\/div>\n                            \n<style>\n#text-box-1409809597 .text-inner {\n  padding: 0px 0px 1.4em 0px;\n}\n#text-box-1409809597 {\n  width: 60%;\n}\n#text-box-1409809597 .text-box-content {\n  font-size: 100%;\n}\n<\/style>\n    <\/div>\n \n        <\/div>\n      <\/div>\n\n            \n<style>\n#banner-1112786817 {\n  padding-top: 300px;\n}\n@media (min-width:850px) {\n  #banner-1112786817 {\n    padding-top: 110%;\n  }\n}\n<\/style>\n  <\/div>\n\n\n\t\t<\/div>\n\t\t\t\t\t<\/div>\n\n\t\n\n\t<div id=\"col-1777767478\" class=\"col medium-4 small-12 large-4\"  >\n\t\t\t\t<div class=\"col-inner\"  >\n\t\t\t\n\t\t\t\n\n  <div class=\"banner has-hover bg-overlay-add-50 bg-overlay-add-50\" id=\"banner-1009123623\">\n          <div class=\"banner-inner fill\">\n        <div class=\"banner-bg fill\" >\n            <img loading=\"lazy\" decoding=\"async\" width=\"436\" height=\"600\" src=\"https:\/\/magnuskahl.com\/wp-content\/uploads\/2022\/02\/about-sales-2.jpg\" class=\"bg attachment-large size-large\" alt=\"\" \/>                                    \n                    <\/div>\n\t\t\n        <div class=\"banner-layers container\">\n            <div class=\"fill banner-link\"><\/div>            \n   <div id=\"text-box-408722563\" class=\"text-box banner-layer text-shadow hidden x50 md-x50 lg-x50 y100 md-y100 lg-y100 res-text\">\n                                <div class=\"text-box-content text dark\">\n              \n              <div class=\"text-inner text-center\">\n                  \n\t<div id=\"text-1890758718\" class=\"text\">\n\t\t\n<p>Ventes<br \/>\n\t\t\n<style>\n#text-1890758718 {\n  font-size: 1rem;\n}\n<\/style>\n\t<\/div>\n\t\n              <\/div>\n           <\/div>\n                            \n<style>\n#text-box-408722563 .text-inner {\n  padding: 0px 0px 1.4em 0px;\n}\n#text-box-408722563 {\n  width: 60%;\n}\n#text-box-408722563 .text-box-content {\n  font-size: 100%;\n}\n<\/style>\n    <\/div>\n \n        <\/div>\n      <\/div>\n\n            \n<style>\n#banner-1009123623 {\n  padding-top: 300px;\n}\n@media (min-width:850px) {\n  #banner-1009123623 {\n    padding-top: 110%;\n  }\n}\n<\/style>\n  <\/div>\n\n\n\t\t<\/div>\n\t\t\t\t\t<\/div>\n\n\t\n<\/div>\n<div class=\"row align-center no-col-bottom-space\"  id=\"row-899993717\">\n\n\t<div id=\"col-1456852996\" class=\"col medium-12 small-12 large-8\"  >\n\t\t\t\t<div class=\"col-inner text-center\"  >\n\t\t\t\n\t\t\t\n<p>Les graines de Magnus Kahl ont commenc\u00e9 leurs activit\u00e9s en 1936 avec le d\u00e9veloppement de trois vari\u00e9t\u00e9s d&rsquo;oignon pollinis\u00e9es ouvertes extr\u00eamement raffin\u00e9es sp\u00e9cialement con\u00e7ues pour le march\u00e9 de l&rsquo;oignon australien.<\/p>\n<p>\u00c9tant donn\u00e9 que cette direction a maintenu un engagement \u00e0 \u00eatre hautement sp\u00e9cialis\u00e9 dans la reproduction, la production et la commercialisation de la production et de la commercialisation d&rsquo;oignons de haute qualit\u00e9 et de semences d&rsquo;\u00e9chappement pour les agriculteurs commerciaux.<\/p>\n<p>Contrairement \u00e0 un monde rapide et en mutation rapide, nous cherchons \u00e0 prendre du temps dans ce que nous faisons, de sorte que nos clients obtiennent le meilleur.<\/p>\n<p>Avec des op\u00e9rations int\u00e9gr\u00e9es verticalement dans les h\u00e9misph\u00e8res nord et sud, les graines de Magnus Kahl propose un service fiable, des produits de qualit\u00e9, une offre coh\u00e9rente et des prix comp\u00e9titifs.<\/p>\n\t\t<\/div>\n\t\t\t\t\n<style>\n#col-1456852996 > .col-inner {\n  margin: 30px 0px 0px 0px;\n}\n<\/style>\n\t<\/div>\n\n\t\n<\/div>\n\t\t<\/div>\n\n\t\t\n<style>\n#section_2109387960 {\n  padding-top: 60px;\n  padding-bottom: 60px;\n}\n<\/style>\n\t<\/section>\n\t\n","protected":false},"excerpt":{"rendered":"","protected":false},"author":1,"featured_media":2219,"parent":0,"menu_order":0,"comment_status":"closed","ping_status":"closed","template":"page-blank.php","meta":{"footnotes":""},"class_list":["post-1252","page","type-page","status-publish","has-post-thumbnail","hentry"],"yoast_head":"<!-- This site is optimized with the Yoast SEO plugin v26.6 - https:\/\/yoast.com\/wordpress\/plugins\/seo\/ -->\n<title>Sur - Magnus Kahl<\/title>\n<meta name=\"robots\" content=\"index, follow, max-snippet:-1, max-image-preview:large, max-video-preview:-1\" \/>\n<link rel=\"canonical\" href=\"https:\/\/magnuskahl.com\/fr\/about\/\" \/>\n<meta property=\"og:locale\" content=\"fr_FR\" \/>\n<meta property=\"og:type\" content=\"article\" \/>\n<meta property=\"og:title\" content=\"Sur - Magnus Kahl\" \/>\n<meta property=\"og:url\" content=\"https:\/\/magnuskahl.com\/fr\/about\/\" \/>\n<meta property=\"og:site_name\" content=\"Magnus Kahl\" \/>\n<meta property=\"article:modified_time\" content=\"2022-02-20T10:12:12+00:00\" \/>\n<meta property=\"og:image\" content=\"https:\/\/magnuskahl.com\/wp-content\/uploads\/2022\/03\/about-page-feature-min.jpg\" \/>\n\t<meta property=\"og:image:width\" content=\"480\" \/>\n\t<meta property=\"og:image:height\" content=\"300\" \/>\n\t<meta property=\"og:image:type\" content=\"image\/jpeg\" \/>\n<meta name=\"twitter:card\" content=\"summary_large_image\" \/>\n<meta name=\"twitter:label1\" content=\"Dur\u00e9e de lecture estim\u00e9e\" \/>\n\t<meta name=\"twitter:data1\" content=\"2 minutes\" \/>\n<script type=\"application\/ld+json\" class=\"yoast-schema-graph\">{\"@context\":\"https:\/\/schema.org\",\"@graph\":[{\"@type\":\"WebPage\",\"@id\":\"https:\/\/magnuskahl.com\/fr\/about\/\",\"url\":\"https:\/\/magnuskahl.com\/fr\/about\/\",\"name\":\"Sur - Magnus Kahl\",\"isPartOf\":{\"@id\":\"https:\/\/magnuskahl.com\/fr\/#website\"},\"primaryImageOfPage\":{\"@id\":\"https:\/\/magnuskahl.com\/fr\/about\/#primaryimage\"},\"image\":{\"@id\":\"https:\/\/magnuskahl.com\/fr\/about\/#primaryimage\"},\"thumbnailUrl\":\"https:\/\/magnuskahl.com\/wp-content\/uploads\/2022\/03\/about-page-feature-min.jpg\",\"datePublished\":\"2022-01-02T16:23:01+00:00\",\"dateModified\":\"2022-02-20T10:12:12+00:00\",\"breadcrumb\":{\"@id\":\"https:\/\/magnuskahl.com\/fr\/about\/#breadcrumb\"},\"inLanguage\":\"fr-FR\",\"potentialAction\":[{\"@type\":\"ReadAction\",\"target\":[\"https:\/\/magnuskahl.com\/fr\/about\/\"]}]},{\"@type\":\"ImageObject\",\"inLanguage\":\"fr-FR\",\"@id\":\"https:\/\/magnuskahl.com\/fr\/about\/#primaryimage\",\"url\":\"https:\/\/magnuskahl.com\/wp-content\/uploads\/2022\/03\/about-page-feature-min.jpg\",\"contentUrl\":\"https:\/\/magnuskahl.com\/wp-content\/uploads\/2022\/03\/about-page-feature-min.jpg\",\"width\":480,\"height\":300},{\"@type\":\"BreadcrumbList\",\"@id\":\"https:\/\/magnuskahl.com\/fr\/about\/#breadcrumb\",\"itemListElement\":[{\"@type\":\"ListItem\",\"position\":1,\"name\":\"Home\",\"item\":\"https:\/\/magnuskahl.com\/fr\/\"},{\"@type\":\"ListItem\",\"position\":2,\"name\":\"Sur\"}]},{\"@type\":\"WebSite\",\"@id\":\"https:\/\/magnuskahl.com\/fr\/#website\",\"url\":\"https:\/\/magnuskahl.com\/fr\/\",\"name\":\"Magnus Kahl\",\"description\":\"\",\"publisher\":{\"@id\":\"https:\/\/magnuskahl.com\/fr\/#organization\"},\"potentialAction\":[{\"@type\":\"SearchAction\",\"target\":{\"@type\":\"EntryPoint\",\"urlTemplate\":\"https:\/\/magnuskahl.com\/fr\/?s={search_term_string}\"},\"query-input\":{\"@type\":\"PropertyValueSpecification\",\"valueRequired\":true,\"valueName\":\"search_term_string\"}}],\"inLanguage\":\"fr-FR\"},{\"@type\":\"Organization\",\"@id\":\"https:\/\/magnuskahl.com\/fr\/#organization\",\"name\":\"Magnus Kahl\",\"url\":\"https:\/\/magnuskahl.com\/fr\/\",\"logo\":{\"@type\":\"ImageObject\",\"inLanguage\":\"fr-FR\",\"@id\":\"https:\/\/magnuskahl.com\/fr\/#\/schema\/logo\/image\/\",\"url\":\"https:\/\/magnuskahl.com\/wp-content\/uploads\/2021\/10\/logo.svg\",\"contentUrl\":\"https:\/\/magnuskahl.com\/wp-content\/uploads\/2021\/10\/logo.svg\",\"caption\":\"Magnus Kahl\"},\"image\":{\"@id\":\"https:\/\/magnuskahl.com\/fr\/#\/schema\/logo\/image\/\"}}]}<\/script>\n<!-- \/ Yoast SEO plugin. -->","yoast_head_json":{"title":"Sur - Magnus Kahl","robots":{"index":"index","follow":"follow","max-snippet":"max-snippet:-1","max-image-preview":"max-image-preview:large","max-video-preview":"max-video-preview:-1"},"canonical":"https:\/\/magnuskahl.com\/fr\/about\/","og_locale":"fr_FR","og_type":"article","og_title":"Sur - Magnus Kahl","og_url":"https:\/\/magnuskahl.com\/fr\/about\/","og_site_name":"Magnus Kahl","article_modified_time":"2022-02-20T10:12:12+00:00","og_image":[{"width":480,"height":300,"url":"https:\/\/magnuskahl.com\/wp-content\/uploads\/2022\/03\/about-page-feature-min.jpg","type":"image\/jpeg"}],"twitter_card":"summary_large_image","twitter_misc":{"Dur\u00e9e de lecture estim\u00e9e":"2 minutes"},"schema":{"@context":"https:\/\/schema.org","@graph":[{"@type":"WebPage","@id":"https:\/\/magnuskahl.com\/fr\/about\/","url":"https:\/\/magnuskahl.com\/fr\/about\/","name":"Sur - Magnus Kahl","isPartOf":{"@id":"https:\/\/magnuskahl.com\/fr\/#website"},"primaryImageOfPage":{"@id":"https:\/\/magnuskahl.com\/fr\/about\/#primaryimage"},"image":{"@id":"https:\/\/magnuskahl.com\/fr\/about\/#primaryimage"},"thumbnailUrl":"https:\/\/magnuskahl.com\/wp-content\/uploads\/2022\/03\/about-page-feature-min.jpg","datePublished":"2022-01-02T16:23:01+00:00","dateModified":"2022-02-20T10:12:12+00:00","breadcrumb":{"@id":"https:\/\/magnuskahl.com\/fr\/about\/#breadcrumb"},"inLanguage":"fr-FR","potentialAction":[{"@type":"ReadAction","target":["https:\/\/magnuskahl.com\/fr\/about\/"]}]},{"@type":"ImageObject","inLanguage":"fr-FR","@id":"https:\/\/magnuskahl.com\/fr\/about\/#primaryimage","url":"https:\/\/magnuskahl.com\/wp-content\/uploads\/2022\/03\/about-page-feature-min.jpg","contentUrl":"https:\/\/magnuskahl.com\/wp-content\/uploads\/2022\/03\/about-page-feature-min.jpg","width":480,"height":300},{"@type":"BreadcrumbList","@id":"https:\/\/magnuskahl.com\/fr\/about\/#breadcrumb","itemListElement":[{"@type":"ListItem","position":1,"name":"Home","item":"https:\/\/magnuskahl.com\/fr\/"},{"@type":"ListItem","position":2,"name":"Sur"}]},{"@type":"WebSite","@id":"https:\/\/magnuskahl.com\/fr\/#website","url":"https:\/\/magnuskahl.com\/fr\/","name":"Magnus Kahl","description":"","publisher":{"@id":"https:\/\/magnuskahl.com\/fr\/#organization"},"potentialAction":[{"@type":"SearchAction","target":{"@type":"EntryPoint","urlTemplate":"https:\/\/magnuskahl.com\/fr\/?s={search_term_string}"},"query-input":{"@type":"PropertyValueSpecification","valueRequired":true,"valueName":"search_term_string"}}],"inLanguage":"fr-FR"},{"@type":"Organization","@id":"https:\/\/magnuskahl.com\/fr\/#organization","name":"Magnus Kahl","url":"https:\/\/magnuskahl.com\/fr\/","logo":{"@type":"ImageObject","inLanguage":"fr-FR","@id":"https:\/\/magnuskahl.com\/fr\/#\/schema\/logo\/image\/","url":"https:\/\/magnuskahl.com\/wp-content\/uploads\/2021\/10\/logo.svg","contentUrl":"https:\/\/magnuskahl.com\/wp-content\/uploads\/2021\/10\/logo.svg","caption":"Magnus Kahl"},"image":{"@id":"https:\/\/magnuskahl.com\/fr\/#\/schema\/logo\/image\/"}}]}},"_links":{"self":[{"href":"https:\/\/magnuskahl.com\/fr\/wp-json\/wp\/v2\/pages\/1252","targetHints":{"allow":["GET"]}}],"collection":[{"href":"https:\/\/magnuskahl.com\/fr\/wp-json\/wp\/v2\/pages"}],"about":[{"href":"https:\/\/magnuskahl.com\/fr\/wp-json\/wp\/v2\/types\/page"}],"author":[{"embeddable":true,"href":"https:\/\/magnuskahl.com\/fr\/wp-json\/wp\/v2\/users\/1"}],"replies":[{"embeddable":true,"href":"https:\/\/magnuskahl.com\/fr\/wp-json\/wp\/v2\/comments?post=1252"}],"version-history":[{"count":19,"href":"https:\/\/magnuskahl.com\/fr\/wp-json\/wp\/v2\/pages\/1252\/revisions"}],"predecessor-version":[{"id":2122,"href":"https:\/\/magnuskahl.com\/fr\/wp-json\/wp\/v2\/pages\/1252\/revisions\/2122"}],"wp:featuredmedia":[{"embeddable":true,"href":"https:\/\/magnuskahl.com\/fr\/wp-json\/wp\/v2\/media\/2219"}],"wp:attachment":[{"href":"https:\/\/magnuskahl.com\/fr\/wp-json\/wp\/v2\/media?parent=1252"}],"curies":[{"name":"wp","href":"https:\/\/api.w.org\/{rel}","templated":true}]}}