{"id":1381,"date":"2021-11-22T12:12:51","date_gmt":"2022-01-04T20:07:53","guid":{"rendered":"https:\/\/magnuskahl.com\/?post_type=product&#038;p=1381"},"modified":"2022-01-04T20:07:53","modified_gmt":"2022-01-04T20:07:53","slug":"wolf","status":"publish","type":"product","link":"https:\/\/magnuskahl.com\/fr\/produit\/wolf\/","title":{"rendered":"Wolf"},"content":{"rendered":"<p>Vari\u00e9t\u00e9 hybride en forme de globe blanc de d\u00e9but de la courte journ\u00e9e avec des peaux blanches brillantes de 2-3 bien form\u00e9es. Cette vari\u00e9t\u00e9 de march\u00e9s frais tr\u00e8s uniforme produit des ampoules tr\u00e8s dures et convient parfaitement \u00e0 la r\u00e9colte m\u00e9canique.<\/p>\n","protected":false},"excerpt":{"rendered":"<p>Vari\u00e9t\u00e9 hybride en forme de globe blanc au d\u00e9but de la courte journ\u00e9e avec des peaux blanches brillantes de 2-3 bien form\u00e9es<\/p>\n","protected":false},"featured_media":749,"template":"","meta":[],"product_brand":[],"product_cat":[175],"product_tag":[],"class_list":{"0":"post-1381","1":"product","2":"type-product","3":"status-publish","4":"has-post-thumbnail","6":"product_cat-short-day","7":"pa_colour-blanc","9":"first","10":"instock","11":"shipping-taxable","12":"product-type-simple"},"yoast_head":"<!-- This site is optimized with the Yoast SEO plugin v26.6 - https:\/\/yoast.com\/wordpress\/plugins\/seo\/ -->\n<title>Wolf - Magnus Kahl<\/title>\n<meta name=\"robots\" content=\"index, follow, max-snippet:-1, max-image-preview:large, max-video-preview:-1\" \/>\n<link rel=\"canonical\" href=\"https:\/\/magnuskahl.com\/fr\/produit\/wolf\/\" \/>\n<meta property=\"og:locale\" content=\"fr_FR\" \/>\n<meta property=\"og:type\" content=\"article\" \/>\n<meta property=\"og:title\" content=\"Wolf - Magnus Kahl\" \/>\n<meta property=\"og:description\" content=\"Vari\u00e9t\u00e9 hybride en forme de globe blanc au d\u00e9but de la courte journ\u00e9e avec des peaux blanches brillantes de 2-3 bien form\u00e9es\" \/>\n<meta property=\"og:url\" content=\"https:\/\/magnuskahl.com\/fr\/produit\/wolf\/\" \/>\n<meta property=\"og:site_name\" content=\"Magnus Kahl\" \/>\n<meta property=\"og:image\" content=\"https:\/\/magnuskahl.com\/wp-content\/uploads\/2021\/11\/MKS.21.01.21_0771.jpg\" \/>\n\t<meta property=\"og:image:width\" content=\"800\" \/>\n\t<meta property=\"og:image:height\" content=\"800\" \/>\n\t<meta property=\"og:image:type\" content=\"image\/jpeg\" \/>\n<meta name=\"twitter:card\" content=\"summary_large_image\" \/>\n<script type=\"application\/ld+json\" class=\"yoast-schema-graph\">{\"@context\":\"https:\/\/schema.org\",\"@graph\":[{\"@type\":\"WebPage\",\"@id\":\"https:\/\/magnuskahl.com\/fr\/produit\/wolf\/\",\"url\":\"https:\/\/magnuskahl.com\/fr\/produit\/wolf\/\",\"name\":\"Wolf - Magnus Kahl\",\"isPartOf\":{\"@id\":\"https:\/\/magnuskahl.com\/fr\/#website\"},\"primaryImageOfPage\":{\"@id\":\"https:\/\/magnuskahl.com\/fr\/produit\/wolf\/#primaryimage\"},\"image\":{\"@id\":\"https:\/\/magnuskahl.com\/fr\/produit\/wolf\/#primaryimage\"},\"thumbnailUrl\":\"https:\/\/magnuskahl.com\/wp-content\/uploads\/2021\/11\/MKS.21.01.21_0771.jpg\",\"datePublished\":\"2022-01-04T20:07:53+00:00\",\"breadcrumb\":{\"@id\":\"https:\/\/magnuskahl.com\/fr\/produit\/wolf\/#breadcrumb\"},\"inLanguage\":\"fr-FR\",\"potentialAction\":[{\"@type\":\"ReadAction\",\"target\":[\"https:\/\/magnuskahl.com\/fr\/produit\/wolf\/\"]}]},{\"@type\":\"ImageObject\",\"inLanguage\":\"fr-FR\",\"@id\":\"https:\/\/magnuskahl.com\/fr\/produit\/wolf\/#primaryimage\",\"url\":\"https:\/\/magnuskahl.com\/wp-content\/uploads\/2021\/11\/MKS.21.01.21_0771.jpg\",\"contentUrl\":\"https:\/\/magnuskahl.com\/wp-content\/uploads\/2021\/11\/MKS.21.01.21_0771.jpg\",\"width\":800,\"height\":800},{\"@type\":\"BreadcrumbList\",\"@id\":\"https:\/\/magnuskahl.com\/fr\/produit\/wolf\/#breadcrumb\",\"itemListElement\":[{\"@type\":\"ListItem\",\"position\":1,\"name\":\"Home\",\"item\":\"https:\/\/magnuskahl.com\/fr\/\"},{\"@type\":\"ListItem\",\"position\":2,\"name\":\"Boutique\",\"item\":\"https:\/\/magnuskahl.com\/fr\/boutique\/\"},{\"@type\":\"ListItem\",\"position\":3,\"name\":\"Wolf\"}]},{\"@type\":\"WebSite\",\"@id\":\"https:\/\/magnuskahl.com\/fr\/#website\",\"url\":\"https:\/\/magnuskahl.com\/fr\/\",\"name\":\"Magnus Kahl\",\"description\":\"\",\"publisher\":{\"@id\":\"https:\/\/magnuskahl.com\/fr\/#organization\"},\"potentialAction\":[{\"@type\":\"SearchAction\",\"target\":{\"@type\":\"EntryPoint\",\"urlTemplate\":\"https:\/\/magnuskahl.com\/fr\/?s={search_term_string}\"},\"query-input\":{\"@type\":\"PropertyValueSpecification\",\"valueRequired\":true,\"valueName\":\"search_term_string\"}}],\"inLanguage\":\"fr-FR\"},{\"@type\":\"Organization\",\"@id\":\"https:\/\/magnuskahl.com\/fr\/#organization\",\"name\":\"Magnus Kahl\",\"url\":\"https:\/\/magnuskahl.com\/fr\/\",\"logo\":{\"@type\":\"ImageObject\",\"inLanguage\":\"fr-FR\",\"@id\":\"https:\/\/magnuskahl.com\/fr\/#\/schema\/logo\/image\/\",\"url\":\"https:\/\/magnuskahl.com\/wp-content\/uploads\/2021\/10\/logo.svg\",\"contentUrl\":\"https:\/\/magnuskahl.com\/wp-content\/uploads\/2021\/10\/logo.svg\",\"caption\":\"Magnus Kahl\"},\"image\":{\"@id\":\"https:\/\/magnuskahl.com\/fr\/#\/schema\/logo\/image\/\"}}]}<\/script>\n<!-- \/ Yoast SEO plugin. -->","yoast_head_json":{"title":"Wolf - Magnus Kahl","robots":{"index":"index","follow":"follow","max-snippet":"max-snippet:-1","max-image-preview":"max-image-preview:large","max-video-preview":"max-video-preview:-1"},"canonical":"https:\/\/magnuskahl.com\/fr\/produit\/wolf\/","og_locale":"fr_FR","og_type":"article","og_title":"Wolf - Magnus Kahl","og_description":"Vari\u00e9t\u00e9 hybride en forme de globe blanc au d\u00e9but de la courte journ\u00e9e avec des peaux blanches brillantes de 2-3 bien form\u00e9es","og_url":"https:\/\/magnuskahl.com\/fr\/produit\/wolf\/","og_site_name":"Magnus Kahl","og_image":[{"width":800,"height":800,"url":"https:\/\/magnuskahl.com\/wp-content\/uploads\/2021\/11\/MKS.21.01.21_0771.jpg","type":"image\/jpeg"}],"twitter_card":"summary_large_image","schema":{"@context":"https:\/\/schema.org","@graph":[{"@type":"WebPage","@id":"https:\/\/magnuskahl.com\/fr\/produit\/wolf\/","url":"https:\/\/magnuskahl.com\/fr\/produit\/wolf\/","name":"Wolf - Magnus Kahl","isPartOf":{"@id":"https:\/\/magnuskahl.com\/fr\/#website"},"primaryImageOfPage":{"@id":"https:\/\/magnuskahl.com\/fr\/produit\/wolf\/#primaryimage"},"image":{"@id":"https:\/\/magnuskahl.com\/fr\/produit\/wolf\/#primaryimage"},"thumbnailUrl":"https:\/\/magnuskahl.com\/wp-content\/uploads\/2021\/11\/MKS.21.01.21_0771.jpg","datePublished":"2022-01-04T20:07:53+00:00","breadcrumb":{"@id":"https:\/\/magnuskahl.com\/fr\/produit\/wolf\/#breadcrumb"},"inLanguage":"fr-FR","potentialAction":[{"@type":"ReadAction","target":["https:\/\/magnuskahl.com\/fr\/produit\/wolf\/"]}]},{"@type":"ImageObject","inLanguage":"fr-FR","@id":"https:\/\/magnuskahl.com\/fr\/produit\/wolf\/#primaryimage","url":"https:\/\/magnuskahl.com\/wp-content\/uploads\/2021\/11\/MKS.21.01.21_0771.jpg","contentUrl":"https:\/\/magnuskahl.com\/wp-content\/uploads\/2021\/11\/MKS.21.01.21_0771.jpg","width":800,"height":800},{"@type":"BreadcrumbList","@id":"https:\/\/magnuskahl.com\/fr\/produit\/wolf\/#breadcrumb","itemListElement":[{"@type":"ListItem","position":1,"name":"Home","item":"https:\/\/magnuskahl.com\/fr\/"},{"@type":"ListItem","position":2,"name":"Boutique","item":"https:\/\/magnuskahl.com\/fr\/boutique\/"},{"@type":"ListItem","position":3,"name":"Wolf"}]},{"@type":"WebSite","@id":"https:\/\/magnuskahl.com\/fr\/#website","url":"https:\/\/magnuskahl.com\/fr\/","name":"Magnus Kahl","description":"","publisher":{"@id":"https:\/\/magnuskahl.com\/fr\/#organization"},"potentialAction":[{"@type":"SearchAction","target":{"@type":"EntryPoint","urlTemplate":"https:\/\/magnuskahl.com\/fr\/?s={search_term_string}"},"query-input":{"@type":"PropertyValueSpecification","valueRequired":true,"valueName":"search_term_string"}}],"inLanguage":"fr-FR"},{"@type":"Organization","@id":"https:\/\/magnuskahl.com\/fr\/#organization","name":"Magnus Kahl","url":"https:\/\/magnuskahl.com\/fr\/","logo":{"@type":"ImageObject","inLanguage":"fr-FR","@id":"https:\/\/magnuskahl.com\/fr\/#\/schema\/logo\/image\/","url":"https:\/\/magnuskahl.com\/wp-content\/uploads\/2021\/10\/logo.svg","contentUrl":"https:\/\/magnuskahl.com\/wp-content\/uploads\/2021\/10\/logo.svg","caption":"Magnus Kahl"},"image":{"@id":"https:\/\/magnuskahl.com\/fr\/#\/schema\/logo\/image\/"}}]}},"_links":{"self":[{"href":"https:\/\/magnuskahl.com\/fr\/wp-json\/wp\/v2\/product\/1381","targetHints":{"allow":["GET"]}}],"collection":[{"href":"https:\/\/magnuskahl.com\/fr\/wp-json\/wp\/v2\/product"}],"about":[{"href":"https:\/\/magnuskahl.com\/fr\/wp-json\/wp\/v2\/types\/product"}],"wp:featuredmedia":[{"embeddable":true,"href":"https:\/\/magnuskahl.com\/fr\/wp-json\/wp\/v2\/media\/749"}],"wp:attachment":[{"href":"https:\/\/magnuskahl.com\/fr\/wp-json\/wp\/v2\/media?parent=1381"}],"wp:term":[{"taxonomy":"product_brand","embeddable":true,"href":"https:\/\/magnuskahl.com\/fr\/wp-json\/wp\/v2\/product_brand?post=1381"},{"taxonomy":"product_cat","embeddable":true,"href":"https:\/\/magnuskahl.com\/fr\/wp-json\/wp\/v2\/product_cat?post=1381"},{"taxonomy":"product_tag","embeddable":true,"href":"https:\/\/magnuskahl.com\/fr\/wp-json\/wp\/v2\/product_tag?post=1381"}],"curies":[{"name":"wp","href":"https:\/\/api.w.org\/{rel}","templated":true}]}}