{"id":1403,"date":"2021-11-22T12:29:19","date_gmt":"2022-01-04T20:15:58","guid":{"rendered":"https:\/\/magnuskahl.com\/?post_type=product&#038;p=1403"},"modified":"2022-01-04T20:15:58","modified_gmt":"2022-01-04T20:15:58","slug":"zeus","status":"publish","type":"product","link":"https:\/\/magnuskahl.com\/fr\/produit\/zeus\/","title":{"rendered":"Zeus"},"content":{"rendered":"<p>Vari\u00e9t\u00e9 hybride rouge l\u00e9g\u00e8re de la mi-saison avec une forme uniforme et des caract\u00e9ristiques de croissance fortes. Les bonnes skins et la tol\u00e9rance thermique font de cette vari\u00e9t\u00e9 bien adapt\u00e9e aux r\u00e9gions de culture arides et semi-arides<\/p>\n","protected":false},"excerpt":{"rendered":"<p>Vari\u00e9t\u00e9 hybride rouge de la mi-saison avec une forme uniforme et des caract\u00e9ristiques de forte croissance<\/p>\n","protected":false},"featured_media":785,"template":"","meta":[],"product_brand":[],"product_cat":[175],"product_tag":[],"class_list":{"0":"post-1403","1":"product","2":"type-product","3":"status-publish","4":"has-post-thumbnail","6":"product_cat-short-day","7":"pa_colour-rouge-clair","9":"first","10":"instock","11":"shipping-taxable","12":"product-type-simple"},"yoast_head":"<!-- This site is optimized with the Yoast SEO plugin v26.6 - https:\/\/yoast.com\/wordpress\/plugins\/seo\/ -->\n<title>Zeus - Magnus Kahl<\/title>\n<meta name=\"robots\" content=\"index, follow, max-snippet:-1, max-image-preview:large, max-video-preview:-1\" \/>\n<link rel=\"canonical\" href=\"https:\/\/magnuskahl.com\/fr\/produit\/zeus\/\" \/>\n<meta property=\"og:locale\" content=\"fr_FR\" \/>\n<meta property=\"og:type\" content=\"article\" \/>\n<meta property=\"og:title\" content=\"Zeus - Magnus Kahl\" \/>\n<meta property=\"og:description\" content=\"Vari\u00e9t\u00e9 hybride rouge de la mi-saison avec une forme uniforme et des caract\u00e9ristiques de forte croissance\" \/>\n<meta property=\"og:url\" content=\"https:\/\/magnuskahl.com\/fr\/produit\/zeus\/\" \/>\n<meta property=\"og:site_name\" content=\"Magnus Kahl\" \/>\n<meta property=\"og:image\" content=\"https:\/\/magnuskahl.com\/wp-content\/uploads\/2021\/11\/MKS.21.01.21_1335.jpg\" \/>\n\t<meta property=\"og:image:width\" content=\"800\" \/>\n\t<meta property=\"og:image:height\" content=\"800\" \/>\n\t<meta property=\"og:image:type\" content=\"image\/jpeg\" \/>\n<meta name=\"twitter:card\" content=\"summary_large_image\" \/>\n<script type=\"application\/ld+json\" class=\"yoast-schema-graph\">{\"@context\":\"https:\/\/schema.org\",\"@graph\":[{\"@type\":\"WebPage\",\"@id\":\"https:\/\/magnuskahl.com\/fr\/produit\/zeus\/\",\"url\":\"https:\/\/magnuskahl.com\/fr\/produit\/zeus\/\",\"name\":\"Zeus - Magnus Kahl\",\"isPartOf\":{\"@id\":\"https:\/\/magnuskahl.com\/fr\/#website\"},\"primaryImageOfPage\":{\"@id\":\"https:\/\/magnuskahl.com\/fr\/produit\/zeus\/#primaryimage\"},\"image\":{\"@id\":\"https:\/\/magnuskahl.com\/fr\/produit\/zeus\/#primaryimage\"},\"thumbnailUrl\":\"https:\/\/magnuskahl.com\/wp-content\/uploads\/2021\/11\/MKS.21.01.21_1335.jpg\",\"datePublished\":\"2022-01-04T20:15:58+00:00\",\"breadcrumb\":{\"@id\":\"https:\/\/magnuskahl.com\/fr\/produit\/zeus\/#breadcrumb\"},\"inLanguage\":\"fr-FR\",\"potentialAction\":[{\"@type\":\"ReadAction\",\"target\":[\"https:\/\/magnuskahl.com\/fr\/produit\/zeus\/\"]}]},{\"@type\":\"ImageObject\",\"inLanguage\":\"fr-FR\",\"@id\":\"https:\/\/magnuskahl.com\/fr\/produit\/zeus\/#primaryimage\",\"url\":\"https:\/\/magnuskahl.com\/wp-content\/uploads\/2021\/11\/MKS.21.01.21_1335.jpg\",\"contentUrl\":\"https:\/\/magnuskahl.com\/wp-content\/uploads\/2021\/11\/MKS.21.01.21_1335.jpg\",\"width\":800,\"height\":800},{\"@type\":\"BreadcrumbList\",\"@id\":\"https:\/\/magnuskahl.com\/fr\/produit\/zeus\/#breadcrumb\",\"itemListElement\":[{\"@type\":\"ListItem\",\"position\":1,\"name\":\"Home\",\"item\":\"https:\/\/magnuskahl.com\/fr\/\"},{\"@type\":\"ListItem\",\"position\":2,\"name\":\"Boutique\",\"item\":\"https:\/\/magnuskahl.com\/fr\/boutique\/\"},{\"@type\":\"ListItem\",\"position\":3,\"name\":\"Zeus\"}]},{\"@type\":\"WebSite\",\"@id\":\"https:\/\/magnuskahl.com\/fr\/#website\",\"url\":\"https:\/\/magnuskahl.com\/fr\/\",\"name\":\"Magnus Kahl\",\"description\":\"\",\"publisher\":{\"@id\":\"https:\/\/magnuskahl.com\/fr\/#organization\"},\"potentialAction\":[{\"@type\":\"SearchAction\",\"target\":{\"@type\":\"EntryPoint\",\"urlTemplate\":\"https:\/\/magnuskahl.com\/fr\/?s={search_term_string}\"},\"query-input\":{\"@type\":\"PropertyValueSpecification\",\"valueRequired\":true,\"valueName\":\"search_term_string\"}}],\"inLanguage\":\"fr-FR\"},{\"@type\":\"Organization\",\"@id\":\"https:\/\/magnuskahl.com\/fr\/#organization\",\"name\":\"Magnus Kahl\",\"url\":\"https:\/\/magnuskahl.com\/fr\/\",\"logo\":{\"@type\":\"ImageObject\",\"inLanguage\":\"fr-FR\",\"@id\":\"https:\/\/magnuskahl.com\/fr\/#\/schema\/logo\/image\/\",\"url\":\"https:\/\/magnuskahl.com\/wp-content\/uploads\/2021\/10\/logo.svg\",\"contentUrl\":\"https:\/\/magnuskahl.com\/wp-content\/uploads\/2021\/10\/logo.svg\",\"caption\":\"Magnus Kahl\"},\"image\":{\"@id\":\"https:\/\/magnuskahl.com\/fr\/#\/schema\/logo\/image\/\"}}]}<\/script>\n<!-- \/ Yoast SEO plugin. -->","yoast_head_json":{"title":"Zeus - Magnus Kahl","robots":{"index":"index","follow":"follow","max-snippet":"max-snippet:-1","max-image-preview":"max-image-preview:large","max-video-preview":"max-video-preview:-1"},"canonical":"https:\/\/magnuskahl.com\/fr\/produit\/zeus\/","og_locale":"fr_FR","og_type":"article","og_title":"Zeus - Magnus Kahl","og_description":"Vari\u00e9t\u00e9 hybride rouge de la mi-saison avec une forme uniforme et des caract\u00e9ristiques de forte croissance","og_url":"https:\/\/magnuskahl.com\/fr\/produit\/zeus\/","og_site_name":"Magnus Kahl","og_image":[{"width":800,"height":800,"url":"https:\/\/magnuskahl.com\/wp-content\/uploads\/2021\/11\/MKS.21.01.21_1335.jpg","type":"image\/jpeg"}],"twitter_card":"summary_large_image","schema":{"@context":"https:\/\/schema.org","@graph":[{"@type":"WebPage","@id":"https:\/\/magnuskahl.com\/fr\/produit\/zeus\/","url":"https:\/\/magnuskahl.com\/fr\/produit\/zeus\/","name":"Zeus - Magnus Kahl","isPartOf":{"@id":"https:\/\/magnuskahl.com\/fr\/#website"},"primaryImageOfPage":{"@id":"https:\/\/magnuskahl.com\/fr\/produit\/zeus\/#primaryimage"},"image":{"@id":"https:\/\/magnuskahl.com\/fr\/produit\/zeus\/#primaryimage"},"thumbnailUrl":"https:\/\/magnuskahl.com\/wp-content\/uploads\/2021\/11\/MKS.21.01.21_1335.jpg","datePublished":"2022-01-04T20:15:58+00:00","breadcrumb":{"@id":"https:\/\/magnuskahl.com\/fr\/produit\/zeus\/#breadcrumb"},"inLanguage":"fr-FR","potentialAction":[{"@type":"ReadAction","target":["https:\/\/magnuskahl.com\/fr\/produit\/zeus\/"]}]},{"@type":"ImageObject","inLanguage":"fr-FR","@id":"https:\/\/magnuskahl.com\/fr\/produit\/zeus\/#primaryimage","url":"https:\/\/magnuskahl.com\/wp-content\/uploads\/2021\/11\/MKS.21.01.21_1335.jpg","contentUrl":"https:\/\/magnuskahl.com\/wp-content\/uploads\/2021\/11\/MKS.21.01.21_1335.jpg","width":800,"height":800},{"@type":"BreadcrumbList","@id":"https:\/\/magnuskahl.com\/fr\/produit\/zeus\/#breadcrumb","itemListElement":[{"@type":"ListItem","position":1,"name":"Home","item":"https:\/\/magnuskahl.com\/fr\/"},{"@type":"ListItem","position":2,"name":"Boutique","item":"https:\/\/magnuskahl.com\/fr\/boutique\/"},{"@type":"ListItem","position":3,"name":"Zeus"}]},{"@type":"WebSite","@id":"https:\/\/magnuskahl.com\/fr\/#website","url":"https:\/\/magnuskahl.com\/fr\/","name":"Magnus Kahl","description":"","publisher":{"@id":"https:\/\/magnuskahl.com\/fr\/#organization"},"potentialAction":[{"@type":"SearchAction","target":{"@type":"EntryPoint","urlTemplate":"https:\/\/magnuskahl.com\/fr\/?s={search_term_string}"},"query-input":{"@type":"PropertyValueSpecification","valueRequired":true,"valueName":"search_term_string"}}],"inLanguage":"fr-FR"},{"@type":"Organization","@id":"https:\/\/magnuskahl.com\/fr\/#organization","name":"Magnus Kahl","url":"https:\/\/magnuskahl.com\/fr\/","logo":{"@type":"ImageObject","inLanguage":"fr-FR","@id":"https:\/\/magnuskahl.com\/fr\/#\/schema\/logo\/image\/","url":"https:\/\/magnuskahl.com\/wp-content\/uploads\/2021\/10\/logo.svg","contentUrl":"https:\/\/magnuskahl.com\/wp-content\/uploads\/2021\/10\/logo.svg","caption":"Magnus Kahl"},"image":{"@id":"https:\/\/magnuskahl.com\/fr\/#\/schema\/logo\/image\/"}}]}},"_links":{"self":[{"href":"https:\/\/magnuskahl.com\/fr\/wp-json\/wp\/v2\/product\/1403","targetHints":{"allow":["GET"]}}],"collection":[{"href":"https:\/\/magnuskahl.com\/fr\/wp-json\/wp\/v2\/product"}],"about":[{"href":"https:\/\/magnuskahl.com\/fr\/wp-json\/wp\/v2\/types\/product"}],"wp:featuredmedia":[{"embeddable":true,"href":"https:\/\/magnuskahl.com\/fr\/wp-json\/wp\/v2\/media\/785"}],"wp:attachment":[{"href":"https:\/\/magnuskahl.com\/fr\/wp-json\/wp\/v2\/media?parent=1403"}],"wp:term":[{"taxonomy":"product_brand","embeddable":true,"href":"https:\/\/magnuskahl.com\/fr\/wp-json\/wp\/v2\/product_brand?post=1403"},{"taxonomy":"product_cat","embeddable":true,"href":"https:\/\/magnuskahl.com\/fr\/wp-json\/wp\/v2\/product_cat?post=1403"},{"taxonomy":"product_tag","embeddable":true,"href":"https:\/\/magnuskahl.com\/fr\/wp-json\/wp\/v2\/product_tag?post=1403"}],"curies":[{"name":"wp","href":"https:\/\/api.w.org\/{rel}","templated":true}]}}