{"id":1521,"date":"2021-11-22T14:30:17","date_gmt":"2022-01-05T18:33:45","guid":{"rendered":"https:\/\/magnuskahl.com\/?post_type=product&#038;p=1521"},"modified":"2022-01-05T18:33:45","modified_gmt":"2022-01-05T18:33:45","slug":"red-knight","status":"publish","type":"product","link":"https:\/\/magnuskahl.com\/fr\/produit\/red-knight\/","title":{"rendered":"Red Knight"},"content":{"rendered":"<p>Vari\u00e9t\u00e9 hybride rouge de la mi-saison longue journ\u00e9e avec une excellente uniformit\u00e9 de forme et de couleur. Potentiel de rendement \u00e9lev\u00e9 en raison de grandes ampoules. Cette vari\u00e9t\u00e9 est parfaite pour les martres frais premium et \u00e0 des fins de stockage.<\/p>\n","protected":false},"excerpt":{"rendered":"<p>Vari\u00e9t\u00e9 hybride rouge longue journ\u00e9e de la mi-saison avec une excellente uniformit\u00e9 de forme et de couleur<\/p>\n","protected":false},"featured_media":935,"template":"","meta":[],"product_brand":[],"product_cat":[184],"product_tag":[],"class_list":{"0":"post-1521","1":"product","2":"type-product","3":"status-publish","4":"has-post-thumbnail","6":"product_cat-long-day","7":"pa_colour-rouge","9":"first","10":"instock","11":"shipping-taxable","12":"product-type-simple"},"yoast_head":"<!-- This site is optimized with the Yoast SEO plugin v26.6 - https:\/\/yoast.com\/wordpress\/plugins\/seo\/ -->\n<title>Red Knight - Magnus Kahl<\/title>\n<meta name=\"robots\" content=\"index, follow, max-snippet:-1, max-image-preview:large, max-video-preview:-1\" \/>\n<link rel=\"canonical\" href=\"https:\/\/magnuskahl.com\/fr\/produit\/red-knight\/\" \/>\n<meta property=\"og:locale\" content=\"fr_FR\" \/>\n<meta property=\"og:type\" content=\"article\" \/>\n<meta property=\"og:title\" content=\"Red Knight - Magnus Kahl\" \/>\n<meta property=\"og:description\" content=\"Vari\u00e9t\u00e9 hybride rouge longue journ\u00e9e de la mi-saison avec une excellente uniformit\u00e9 de forme et de couleur\" \/>\n<meta property=\"og:url\" content=\"https:\/\/magnuskahl.com\/fr\/produit\/red-knight\/\" \/>\n<meta property=\"og:site_name\" content=\"Magnus Kahl\" \/>\n<meta property=\"og:image\" content=\"https:\/\/magnuskahl.com\/wp-content\/uploads\/2021\/11\/MKS.28.04.21_6587.jpg\" \/>\n\t<meta property=\"og:image:width\" content=\"800\" \/>\n\t<meta property=\"og:image:height\" content=\"800\" \/>\n\t<meta property=\"og:image:type\" content=\"image\/jpeg\" \/>\n<meta name=\"twitter:card\" content=\"summary_large_image\" \/>\n<script type=\"application\/ld+json\" class=\"yoast-schema-graph\">{\"@context\":\"https:\/\/schema.org\",\"@graph\":[{\"@type\":\"WebPage\",\"@id\":\"https:\/\/magnuskahl.com\/fr\/produit\/red-knight\/\",\"url\":\"https:\/\/magnuskahl.com\/fr\/produit\/red-knight\/\",\"name\":\"Red Knight - Magnus Kahl\",\"isPartOf\":{\"@id\":\"https:\/\/magnuskahl.com\/fr\/#website\"},\"primaryImageOfPage\":{\"@id\":\"https:\/\/magnuskahl.com\/fr\/produit\/red-knight\/#primaryimage\"},\"image\":{\"@id\":\"https:\/\/magnuskahl.com\/fr\/produit\/red-knight\/#primaryimage\"},\"thumbnailUrl\":\"https:\/\/magnuskahl.com\/wp-content\/uploads\/2021\/11\/MKS.28.04.21_6587.jpg\",\"datePublished\":\"2022-01-05T18:33:45+00:00\",\"breadcrumb\":{\"@id\":\"https:\/\/magnuskahl.com\/fr\/produit\/red-knight\/#breadcrumb\"},\"inLanguage\":\"fr-FR\",\"potentialAction\":[{\"@type\":\"ReadAction\",\"target\":[\"https:\/\/magnuskahl.com\/fr\/produit\/red-knight\/\"]}]},{\"@type\":\"ImageObject\",\"inLanguage\":\"fr-FR\",\"@id\":\"https:\/\/magnuskahl.com\/fr\/produit\/red-knight\/#primaryimage\",\"url\":\"https:\/\/magnuskahl.com\/wp-content\/uploads\/2021\/11\/MKS.28.04.21_6587.jpg\",\"contentUrl\":\"https:\/\/magnuskahl.com\/wp-content\/uploads\/2021\/11\/MKS.28.04.21_6587.jpg\",\"width\":800,\"height\":800},{\"@type\":\"BreadcrumbList\",\"@id\":\"https:\/\/magnuskahl.com\/fr\/produit\/red-knight\/#breadcrumb\",\"itemListElement\":[{\"@type\":\"ListItem\",\"position\":1,\"name\":\"Home\",\"item\":\"https:\/\/magnuskahl.com\/fr\/\"},{\"@type\":\"ListItem\",\"position\":2,\"name\":\"Boutique\",\"item\":\"https:\/\/magnuskahl.com\/fr\/boutique\/\"},{\"@type\":\"ListItem\",\"position\":3,\"name\":\"Red Knight\"}]},{\"@type\":\"WebSite\",\"@id\":\"https:\/\/magnuskahl.com\/fr\/#website\",\"url\":\"https:\/\/magnuskahl.com\/fr\/\",\"name\":\"Magnus Kahl\",\"description\":\"\",\"publisher\":{\"@id\":\"https:\/\/magnuskahl.com\/fr\/#organization\"},\"potentialAction\":[{\"@type\":\"SearchAction\",\"target\":{\"@type\":\"EntryPoint\",\"urlTemplate\":\"https:\/\/magnuskahl.com\/fr\/?s={search_term_string}\"},\"query-input\":{\"@type\":\"PropertyValueSpecification\",\"valueRequired\":true,\"valueName\":\"search_term_string\"}}],\"inLanguage\":\"fr-FR\"},{\"@type\":\"Organization\",\"@id\":\"https:\/\/magnuskahl.com\/fr\/#organization\",\"name\":\"Magnus Kahl\",\"url\":\"https:\/\/magnuskahl.com\/fr\/\",\"logo\":{\"@type\":\"ImageObject\",\"inLanguage\":\"fr-FR\",\"@id\":\"https:\/\/magnuskahl.com\/fr\/#\/schema\/logo\/image\/\",\"url\":\"https:\/\/magnuskahl.com\/wp-content\/uploads\/2021\/10\/logo.svg\",\"contentUrl\":\"https:\/\/magnuskahl.com\/wp-content\/uploads\/2021\/10\/logo.svg\",\"caption\":\"Magnus Kahl\"},\"image\":{\"@id\":\"https:\/\/magnuskahl.com\/fr\/#\/schema\/logo\/image\/\"}}]}<\/script>\n<!-- \/ Yoast SEO plugin. -->","yoast_head_json":{"title":"Red Knight - Magnus Kahl","robots":{"index":"index","follow":"follow","max-snippet":"max-snippet:-1","max-image-preview":"max-image-preview:large","max-video-preview":"max-video-preview:-1"},"canonical":"https:\/\/magnuskahl.com\/fr\/produit\/red-knight\/","og_locale":"fr_FR","og_type":"article","og_title":"Red Knight - Magnus Kahl","og_description":"Vari\u00e9t\u00e9 hybride rouge longue journ\u00e9e de la mi-saison avec une excellente uniformit\u00e9 de forme et de couleur","og_url":"https:\/\/magnuskahl.com\/fr\/produit\/red-knight\/","og_site_name":"Magnus Kahl","og_image":[{"width":800,"height":800,"url":"https:\/\/magnuskahl.com\/wp-content\/uploads\/2021\/11\/MKS.28.04.21_6587.jpg","type":"image\/jpeg"}],"twitter_card":"summary_large_image","schema":{"@context":"https:\/\/schema.org","@graph":[{"@type":"WebPage","@id":"https:\/\/magnuskahl.com\/fr\/produit\/red-knight\/","url":"https:\/\/magnuskahl.com\/fr\/produit\/red-knight\/","name":"Red Knight - Magnus Kahl","isPartOf":{"@id":"https:\/\/magnuskahl.com\/fr\/#website"},"primaryImageOfPage":{"@id":"https:\/\/magnuskahl.com\/fr\/produit\/red-knight\/#primaryimage"},"image":{"@id":"https:\/\/magnuskahl.com\/fr\/produit\/red-knight\/#primaryimage"},"thumbnailUrl":"https:\/\/magnuskahl.com\/wp-content\/uploads\/2021\/11\/MKS.28.04.21_6587.jpg","datePublished":"2022-01-05T18:33:45+00:00","breadcrumb":{"@id":"https:\/\/magnuskahl.com\/fr\/produit\/red-knight\/#breadcrumb"},"inLanguage":"fr-FR","potentialAction":[{"@type":"ReadAction","target":["https:\/\/magnuskahl.com\/fr\/produit\/red-knight\/"]}]},{"@type":"ImageObject","inLanguage":"fr-FR","@id":"https:\/\/magnuskahl.com\/fr\/produit\/red-knight\/#primaryimage","url":"https:\/\/magnuskahl.com\/wp-content\/uploads\/2021\/11\/MKS.28.04.21_6587.jpg","contentUrl":"https:\/\/magnuskahl.com\/wp-content\/uploads\/2021\/11\/MKS.28.04.21_6587.jpg","width":800,"height":800},{"@type":"BreadcrumbList","@id":"https:\/\/magnuskahl.com\/fr\/produit\/red-knight\/#breadcrumb","itemListElement":[{"@type":"ListItem","position":1,"name":"Home","item":"https:\/\/magnuskahl.com\/fr\/"},{"@type":"ListItem","position":2,"name":"Boutique","item":"https:\/\/magnuskahl.com\/fr\/boutique\/"},{"@type":"ListItem","position":3,"name":"Red Knight"}]},{"@type":"WebSite","@id":"https:\/\/magnuskahl.com\/fr\/#website","url":"https:\/\/magnuskahl.com\/fr\/","name":"Magnus Kahl","description":"","publisher":{"@id":"https:\/\/magnuskahl.com\/fr\/#organization"},"potentialAction":[{"@type":"SearchAction","target":{"@type":"EntryPoint","urlTemplate":"https:\/\/magnuskahl.com\/fr\/?s={search_term_string}"},"query-input":{"@type":"PropertyValueSpecification","valueRequired":true,"valueName":"search_term_string"}}],"inLanguage":"fr-FR"},{"@type":"Organization","@id":"https:\/\/magnuskahl.com\/fr\/#organization","name":"Magnus Kahl","url":"https:\/\/magnuskahl.com\/fr\/","logo":{"@type":"ImageObject","inLanguage":"fr-FR","@id":"https:\/\/magnuskahl.com\/fr\/#\/schema\/logo\/image\/","url":"https:\/\/magnuskahl.com\/wp-content\/uploads\/2021\/10\/logo.svg","contentUrl":"https:\/\/magnuskahl.com\/wp-content\/uploads\/2021\/10\/logo.svg","caption":"Magnus Kahl"},"image":{"@id":"https:\/\/magnuskahl.com\/fr\/#\/schema\/logo\/image\/"}}]}},"_links":{"self":[{"href":"https:\/\/magnuskahl.com\/fr\/wp-json\/wp\/v2\/product\/1521","targetHints":{"allow":["GET"]}}],"collection":[{"href":"https:\/\/magnuskahl.com\/fr\/wp-json\/wp\/v2\/product"}],"about":[{"href":"https:\/\/magnuskahl.com\/fr\/wp-json\/wp\/v2\/types\/product"}],"wp:featuredmedia":[{"embeddable":true,"href":"https:\/\/magnuskahl.com\/fr\/wp-json\/wp\/v2\/media\/935"}],"wp:attachment":[{"href":"https:\/\/magnuskahl.com\/fr\/wp-json\/wp\/v2\/media?parent=1521"}],"wp:term":[{"taxonomy":"product_brand","embeddable":true,"href":"https:\/\/magnuskahl.com\/fr\/wp-json\/wp\/v2\/product_brand?post=1521"},{"taxonomy":"product_cat","embeddable":true,"href":"https:\/\/magnuskahl.com\/fr\/wp-json\/wp\/v2\/product_cat?post=1521"},{"taxonomy":"product_tag","embeddable":true,"href":"https:\/\/magnuskahl.com\/fr\/wp-json\/wp\/v2\/product_tag?post=1521"}],"curies":[{"name":"wp","href":"https:\/\/api.w.org\/{rel}","templated":true}]}}